{"id":248251,"date":"2023-08-31T10:04:39","date_gmt":"2023-08-31T10:04:39","guid":{"rendered":"https:\/\/vitapera.com\/fr\/?page_id=248251"},"modified":"2025-05-06T07:13:55","modified_gmt":"2025-05-06T07:13:55","slug":"etablissements-de-sante-sous-contrat","status":"publish","type":"page","link":"https:\/\/vitapera.com\/fr\/etablissements-de-sante-sous-contrat\/","title":{"rendered":"\u00c9tablissements de sant\u00e9 sous contrat"},"content":{"rendered":"<p>[et_pb_section fb_built=&#8221;1&#8243; custom_padding_last_edited=&#8221;on|phone&#8221; _builder_version=&#8221;4.17.6&#8243; _module_preset=&#8221;default&#8221; custom_padding_tablet=&#8221;&#8221; custom_padding_phone=&#8221;0px||||false|false&#8221; global_colors_info=&#8221;{}&#8221;][et_pb_row _builder_version=&#8221;4.17.6&#8243; _module_preset=&#8221;default&#8221; max_width=&#8221;80%&#8221; global_colors_info=&#8221;{}&#8221;][et_pb_column type=&#8221;4_4&#8243; _builder_version=&#8221;4.17.6&#8243; _module_preset=&#8221;default&#8221; global_colors_info=&#8221;{}&#8221;][et_pb_text _builder_version=&#8221;4.21.0&#8243; _module_preset=&#8221;default&#8221; text_font=&#8221;Baloo 2||||||||&#8221; text_font_size=&#8221;3vw&#8221; header_2_text_align=&#8221;center&#8221; header_2_text_color=&#8221;#003865&#8243; header_2_font_size=&#8221;3vw&#8221; header_2_font_size_tablet=&#8221;3vw&#8221; header_2_font_size_phone=&#8221;30px&#8221; header_2_font_size_last_edited=&#8221;on|phone&#8221; global_colors_info=&#8221;{}&#8221;]<\/p>\n<h2>\u00c9tablissements de sant\u00e9 sous contrat<\/h2>\n<p>[\/et_pb_text][et_pb_text _builder_version=&#8221;4.21.0&#8243; _module_preset=&#8221;default&#8221; text_font=&#8221;Baloo 2||||||||&#8221; text_font_size=&#8221;1.2vw&#8221; text_line_height=&#8221;1.6em&#8221; text_orientation=&#8221;center&#8221; width=&#8221;51%&#8221; width_tablet=&#8221;51%&#8221; width_phone=&#8221;100%&#8221; width_last_edited=&#8221;on|phone&#8221; module_alignment=&#8221;center&#8221; custom_margin=&#8221;46px||||false|false&#8221; custom_margin_tablet=&#8221;46px||||false|false&#8221; custom_margin_phone=&#8221;0px||||false|false&#8221; custom_margin_last_edited=&#8221;on|phone&#8221; text_font_size_tablet=&#8221;1.2vw&#8221; text_font_size_phone=&#8221;16px&#8221; text_font_size_last_edited=&#8221;on|phone&#8221; global_colors_info=&#8221;{}&#8221;]Nous travaillons uniquement avec des h\u00f4pitaux de confiance et des cliniques v\u00e9rifi\u00e9es qui ont obtenu de prestigieuses accr\u00e9ditations et certifications internationales.[\/et_pb_text][\/et_pb_column][\/et_pb_row][et_pb_row column_structure=&#8221;1_3,1_3,1_3&#8243; use_custom_gutter=&#8221;on&#8221; gutter_width=&#8221;2&#8243; _builder_version=&#8221;4.17.6&#8243; _module_preset=&#8221;default&#8221; max_width=&#8221;80%&#8221; global_colors_info=&#8221;{}&#8221;][et_pb_column type=&#8221;1_3&#8243; _builder_version=&#8221;4.17.6&#8243; _module_preset=&#8221;default&#8221; custom_padding=&#8221;||45px||false|false&#8221; border_radii=&#8221;on|20px|20px|20px|20px&#8221; box_shadow_style=&#8221;preset2&#8243; global_colors_info=&#8221;{}&#8221;][et_pb_image src=&#8221;https:\/\/vitapera.com\/fr\/wp-content\/uploads\/2023\/08\/sisli-01.png&#8221; title_text=&#8221;sisli-01&#8243; url=&#8221;https:\/\/www.memorial.com.tr\/en\/hospitals\/memorial-sisli-hospital&#8221; _builder_version=&#8221;4.17.6&#8243; _module_preset=&#8221;default&#8221; global_colors_info=&#8221;{}&#8221;][\/et_pb_image][et_pb_image src=&#8221;https:\/\/vitapera.com\/fr\/wp-content\/uploads\/2023\/08\/memorial-04.png&#8221; title_text=&#8221;memorial-04&#8243; url=&#8221;https:\/\/www.memorial.com.tr\/en\/hospitals\/memorial-sisli-hospital&#8221; _builder_version=&#8221;4.17.6&#8243; _module_preset=&#8221;default&#8221; width=&#8221;89%&#8221; width_tablet=&#8221;89%&#8221; width_phone=&#8221;86%&#8221; width_last_edited=&#8221;on|phone&#8221; module_alignment=&#8221;center&#8221; global_colors_info=&#8221;{}&#8221;][\/et_pb_image][et_pb_text _builder_version=&#8221;4.17.6&#8243; _module_preset=&#8221;default&#8221; header_2_font=&#8221;Baloo 2||||||||&#8221; header_2_text_align=&#8221;center&#8221; header_2_font_size=&#8221;1.7vw&#8221; link_option_url=&#8221;https:\/\/www.memorial.com.tr\/en\/hospitals\/memorial-sisli-hospital&#8221; header_2_font_size_tablet=&#8221;1.7vw&#8221; header_2_font_size_phone=&#8221;25px&#8221; header_2_font_size_last_edited=&#8221;on|phone&#8221; global_colors_info=&#8221;{}&#8221;]<\/p>\n<h2>Memorial \u015ei\u015fli<\/h2>\n<h2>Hastanesi<\/h2>\n<p>[\/et_pb_text][\/et_pb_column][et_pb_column type=&#8221;1_3&#8243; _builder_version=&#8221;4.17.6&#8243; _module_preset=&#8221;default&#8221; custom_padding=&#8221;||45px||false|false&#8221; border_radii=&#8221;on|20px|20px|20px|20px&#8221; box_shadow_style=&#8221;preset2&#8243; global_colors_info=&#8221;{}&#8221;][et_pb_image src=&#8221;https:\/\/vitapera.com\/fr\/wp-content\/uploads\/2023\/08\/atesehir.jpg&#8221; title_text=&#8221;atesehir&#8221; url=&#8221;https:\/\/www.memorial.com.tr\/en\/hospitals\/atasehir&#8221; _builder_version=&#8221;4.17.6&#8243; _module_preset=&#8221;default&#8221; global_colors_info=&#8221;{}&#8221;][\/et_pb_image][et_pb_image src=&#8221;https:\/\/vitapera.com\/fr\/wp-content\/uploads\/2023\/08\/memorial-04.png&#8221; title_text=&#8221;memorial-04&#8243; url=&#8221;https:\/\/www.memorial.com.tr\/en\/hospitals\/atasehir&#8221; _builder_version=&#8221;4.17.6&#8243; _module_preset=&#8221;default&#8221; width=&#8221;89%&#8221; width_tablet=&#8221;89%&#8221; width_phone=&#8221;86%&#8221; width_last_edited=&#8221;on|phone&#8221; module_alignment=&#8221;center&#8221; global_colors_info=&#8221;{}&#8221;][\/et_pb_image][et_pb_text _builder_version=&#8221;4.17.6&#8243; _module_preset=&#8221;default&#8221; header_2_font=&#8221;Baloo 2||||||||&#8221; header_2_text_align=&#8221;center&#8221; header_2_font_size=&#8221;1.7vw&#8221; link_option_url=&#8221;https:\/\/www.memorial.com.tr\/en\/hospitals\/atasehir&#8221; header_2_font_size_tablet=&#8221;1.7vw&#8221; header_2_font_size_phone=&#8221;25px&#8221; header_2_font_size_last_edited=&#8221;on|phone&#8221; global_colors_info=&#8221;{}&#8221; header_2_font_size__hover_enabled=&#8221;off|desktop&#8221;]<\/p>\n<h2>Memorial Ata\u015fehir<\/h2>\n<h2>Hastanesi<\/h2>\n<p>[\/et_pb_text][\/et_pb_column][et_pb_column type=&#8221;1_3&#8243; _builder_version=&#8221;4.17.6&#8243; _module_preset=&#8221;default&#8221; custom_padding=&#8221;||45px||false|false&#8221; border_radii=&#8221;on|20px|20px|20px|20px&#8221; box_shadow_style=&#8221;preset2&#8243; global_colors_info=&#8221;{}&#8221;][et_pb_image src=&#8221;https:\/\/vitapera.com\/fr\/wp-content\/uploads\/2023\/08\/bahcelievler.jpg&#8221; title_text=&#8221;bahcelievler&#8221; url=&#8221;https:\/\/www.memorial.com.tr\/en\/hospitals\/bahcelievler&#8221; _builder_version=&#8221;4.17.6&#8243; _module_preset=&#8221;default&#8221; global_colors_info=&#8221;{}&#8221;][\/et_pb_image][et_pb_image src=&#8221;https:\/\/vitapera.com\/fr\/wp-content\/uploads\/2023\/08\/memorial-04.png&#8221; title_text=&#8221;memorial-04&#8243; url=&#8221;https:\/\/www.memorial.com.tr\/en\/hospitals\/bahcelievler&#8221; _builder_version=&#8221;4.17.6&#8243; _module_preset=&#8221;default&#8221; width=&#8221;89%&#8221; width_tablet=&#8221;89%&#8221; width_phone=&#8221;86%&#8221; width_last_edited=&#8221;on|phone&#8221; module_alignment=&#8221;center&#8221; global_colors_info=&#8221;{}&#8221;][\/et_pb_image][et_pb_text _builder_version=&#8221;4.17.6&#8243; _module_preset=&#8221;default&#8221; header_2_font=&#8221;Baloo 2||||||||&#8221; header_2_text_align=&#8221;center&#8221; header_2_font_size=&#8221;1.7vw&#8221; link_option_url=&#8221;https:\/\/www.memorial.com.tr\/en\/hospitals\/bahcelievler&#8221; header_2_font_size_tablet=&#8221;1.7vw&#8221; header_2_font_size_phone=&#8221;25px&#8221; header_2_font_size_last_edited=&#8221;on|phone&#8221; global_colors_info=&#8221;{}&#8221;]<\/p>\n<h2>Memorial Bah\u00e7elievler<\/h2>\n<h2>Hastanesi<\/h2>\n<p>[\/et_pb_text][\/et_pb_column][\/et_pb_row][\/et_pb_section]<\/p>\n","protected":false},"excerpt":{"rendered":"<p>\u00c9tablissements de sant\u00e9 sous contratNous travaillons uniquement avec des h\u00f4pitaux de confiance et des cliniques v\u00e9rifi\u00e9es qui ont obtenu de prestigieuses accr\u00e9ditations et certifications internationales.Memorial \u015ei\u015fli HastanesiMemorial Ata\u015fehir HastanesiMemorial Bah\u00e7elievler Hastanesi<\/p>\n","protected":false},"author":2,"featured_media":0,"parent":0,"menu_order":0,"comment_status":"closed","ping_status":"closed","template":"","meta":{"_et_pb_use_builder":"on","_et_pb_old_content":"","_et_gb_content_width":"","footnotes":""},"class_list":["post-248251","page","type-page","status-publish","hentry"],"_links":{"self":[{"href":"https:\/\/vitapera.com\/fr\/wp-json\/wp\/v2\/pages\/248251","targetHints":{"allow":["GET"]}}],"collection":[{"href":"https:\/\/vitapera.com\/fr\/wp-json\/wp\/v2\/pages"}],"about":[{"href":"https:\/\/vitapera.com\/fr\/wp-json\/wp\/v2\/types\/page"}],"author":[{"embeddable":true,"href":"https:\/\/vitapera.com\/fr\/wp-json\/wp\/v2\/users\/2"}],"replies":[{"embeddable":true,"href":"https:\/\/vitapera.com\/fr\/wp-json\/wp\/v2\/comments?post=248251"}],"version-history":[{"count":4,"href":"https:\/\/vitapera.com\/fr\/wp-json\/wp\/v2\/pages\/248251\/revisions"}],"predecessor-version":[{"id":248273,"href":"https:\/\/vitapera.com\/fr\/wp-json\/wp\/v2\/pages\/248251\/revisions\/248273"}],"wp:attachment":[{"href":"https:\/\/vitapera.com\/fr\/wp-json\/wp\/v2\/media?parent=248251"}],"curies":[{"name":"wp","href":"https:\/\/api.w.org\/{rel}","templated":true}]}}