{"id":3466,"date":"2022-09-21T06:31:59","date_gmt":"2022-09-21T06:31:59","guid":{"rendered":"https:\/\/vitapera.com\/fr\/?page_id=3466"},"modified":"2024-01-04T14:09:38","modified_gmt":"2024-01-04T14:09:38","slug":"contactez","status":"publish","type":"page","link":"https:\/\/vitapera.com\/fr\/contactez\/","title":{"rendered":"Contactez"},"content":{"rendered":"<p>[et_pb_section fb_built=&#8221;1&#8243; _builder_version=&#8221;4.18.0&#8243; _module_preset=&#8221;default&#8221; background_enable_color=&#8221;off&#8221; custom_margin=&#8221;0px||||false|false&#8221; custom_margin_tablet=&#8221;-29px||||false|false&#8221; custom_margin_phone=&#8221;-29px||||false|false&#8221; custom_margin_last_edited=&#8221;on|desktop&#8221; custom_padding=&#8221;0px||||false|false&#8221; global_colors_info=&#8221;{}&#8221;][et_pb_row column_structure=&#8221;1_2,1_2&#8243; _builder_version=&#8221;4.18.0&#8243; _module_preset=&#8221;default&#8221; background_enable_color=&#8221;off&#8221; background_image=&#8221;https:\/\/vitapera.com\/fr\/wp-content\/uploads\/2022\/09\/Mask-group-48-1.png&#8221; background_size=&#8221;custom&#8221; background_image_width=&#8221;100%&#8221; background_position=&#8221;bottom_center&#8221; width=&#8221;100%&#8221; max_width=&#8221;100%&#8221; height=&#8221;475px&#8221; height_tablet=&#8221;322px&#8221; height_phone=&#8221;322px&#8221; height_last_edited=&#8221;on|tablet&#8221; custom_margin=&#8221;-24px|auto|0px|auto|false|false&#8221; background_last_edited=&#8221;on|phone&#8221; background_image_phone=&#8221;https:\/\/vitapera.com\/fr\/wp-content\/uploads\/2022\/09\/Mask-group-49-1.png&#8221; background_enable_image_phone=&#8221;on&#8221; global_colors_info=&#8221;{}&#8221;][et_pb_column type=&#8221;1_2&#8243; _builder_version=&#8221;4.17.4&#8243; _module_preset=&#8221;default&#8221; global_colors_info=&#8221;{}&#8221;][et_pb_text _builder_version=&#8221;4.18.0&#8243; _module_preset=&#8221;default&#8221; header_font=&#8221;Montserrat|700|||||||&#8221; header_text_color=&#8221;#FFFFFF&#8221; header_font_size=&#8221;4.7vw&#8221; header_line_height=&#8221;1.5em&#8221; header_2_font=&#8221;Nunito||||||||&#8221; header_2_text_color=&#8221;#FFFFFF&#8221; header_2_font_size=&#8221;2.5vw&#8221; custom_margin=&#8221;16%|-341px||25%|false|false&#8221; custom_margin_tablet=&#8221;16%|||12%|false|false&#8221; custom_margin_phone=&#8221;86px|-341px|-20px|10%|false|false&#8221; custom_margin_last_edited=&#8221;on|phone&#8221; text_font_size_tablet=&#8221;&#8221; text_font_size_phone=&#8221;&#8221; text_font_size_last_edited=&#8221;on|phone&#8221; header_font_size_tablet=&#8221;6.5vw&#8221; header_font_size_phone=&#8221;9.1vw&#8221; header_font_size_last_edited=&#8221;on|tablet&#8221; header_2_font_size_tablet=&#8221;3.6vw&#8221; header_2_font_size_phone=&#8221;5.4vw&#8221; header_2_font_size_last_edited=&#8221;on|tablet&#8221; header_text_shadow_style=&#8221;preset3&#8243; header_text_shadow_horizontal_length=&#8221;-0.09em&#8221; header_text_shadow_blur_strength=&#8221;0.33em&#8221; global_colors_info=&#8221;{}&#8221;]<\/p>\n<h2>Vitapera<\/h2>\n<h1>Contactez<\/h1>\n<p>[\/et_pb_text][\/et_pb_column][et_pb_column type=&#8221;1_2&#8243; _builder_version=&#8221;4.17.4&#8243; _module_preset=&#8221;default&#8221; global_colors_info=&#8221;{}&#8221;][\/et_pb_column][\/et_pb_row][et_pb_row column_structure=&#8221;1_3,1_3,1_3&#8243; _builder_version=&#8221;4.18.0&#8243; _module_preset=&#8221;default&#8221; width=&#8221;58%&#8221; max_width=&#8221;80%&#8221; custom_padding=&#8221;||64px|||&#8221; saved_tabs=&#8221;all&#8221; global_colors_info=&#8221;{}&#8221;][et_pb_column type=&#8221;1_3&#8243; _builder_version=&#8221;4.18.0&#8243; _module_preset=&#8221;default&#8221; background_color=&#8221;rgba(179,202,228,0.12)&#8221; border_radii=&#8221;off|250px|250px|35px|35px&#8221; global_colors_info=&#8221;{}&#8221;][et_pb_icon font_icon=&#8221;&#xe090;||divi||400&#8243; icon_color=&#8221;#001941&#8243; icon_width=&#8221;72px&#8221; _builder_version=&#8221;4.21.0&#8243; _module_preset=&#8221;default&#8221; custom_margin=&#8221;33px||38px||false|false&#8221; custom_margin_tablet=&#8221;33px||38px||false|false&#8221; custom_margin_phone=&#8221;33px||38px||false|false&#8221; custom_margin_last_edited=&#8221;on|desktop&#8221; hover_enabled=&#8221;0&#8243; global_colors_info=&#8221;{}&#8221; sticky_enabled=&#8221;0&#8243;][\/et_pb_icon][et_pb_text _builder_version=&#8221;4.21.0&#8243; _module_preset=&#8221;default&#8221; text_font=&#8221;Montserrat||||||||&#8221; text_text_color=&#8221;#001941&#8243; text_font_size=&#8221;1.1vw&#8221; link_font=&#8221;Montserrat||||||||&#8221; link_text_color=&#8221;#001941&#8243; link_font_size=&#8221;1.1vw&#8221; header_font=&#8221;Nunito||||||||&#8221; header_2_font=&#8221;Montserrat||||||||&#8221; header_2_text_align=&#8221;center&#8221; header_2_text_color=&#8221;#001941&#8243; header_2_font_size=&#8221;1.5vw&#8221; text_orientation=&#8221;justified&#8221; custom_margin=&#8221;||55px||false|false&#8221; custom_margin_tablet=&#8221;||55px||false|false&#8221; custom_margin_phone=&#8221;||55px||false|false&#8221; custom_margin_last_edited=&#8221;on|desktop&#8221; custom_padding=&#8221;|12px|27px|12px|false|true&#8221; custom_padding_tablet=&#8221;|12px|27px|12px|false|true&#8221; custom_padding_phone=&#8221;|12px|27px|12px|false|true&#8221; custom_padding_last_edited=&#8221;on|desktop&#8221; link_option_url=&#8221;tel:+905365581288&#8243; hover_enabled=&#8221;0&#8243; text_font_size_tablet=&#8221;2vw&#8221; text_font_size_phone=&#8221;16px&#8221; text_font_size_last_edited=&#8221;on|phone&#8221; link_font_size_tablet=&#8221;2vw&#8221; link_font_size_phone=&#8221;16px&#8221; link_font_size_last_edited=&#8221;on|phone&#8221; header_2_font_size_tablet=&#8221;2.7vw&#8221; header_2_font_size_phone=&#8221;24px&#8221; header_2_font_size_last_edited=&#8221;on|phone&#8221; text_orientation_tablet=&#8221;justified&#8221; text_orientation_phone=&#8221;center&#8221; text_orientation_last_edited=&#8221;on|phone&#8221; global_colors_info=&#8221;{}&#8221; link_orientation_tablet=&#8221;justified&#8221; link_orientation_phone=&#8221;center&#8221; link_orientation_last_edited=&#8221;on|phone&#8221; sticky_enabled=&#8221;0&#8243;]<\/p>\n<h2><strong>T\u00e9l\u00e9phoner<\/strong><\/h2>\n<p style=\"text-align: center;\"><a href=\"tel:+905365581288\">+90 536 558 12 88<\/a><\/p>\n<p>[\/et_pb_text][\/et_pb_column][et_pb_column type=&#8221;1_3&#8243; _builder_version=&#8221;4.18.0&#8243; _module_preset=&#8221;default&#8221; background_color=&#8221;rgba(179,202,228,0.12)&#8221; border_radii=&#8221;off|250px|250px|35px|35px&#8221; global_colors_info=&#8221;{}&#8221;][et_pb_icon font_icon=&#8221;&#xe01d;||divi||400&#8243; icon_color=&#8221;#001941&#8243; icon_width=&#8221;72px&#8221; _builder_version=&#8221;4.18.0&#8243; _module_preset=&#8221;default&#8221; custom_margin=&#8221;33px||38px||false|false&#8221; custom_margin_tablet=&#8221;33px||38px||false|false&#8221; custom_margin_phone=&#8221;33px||38px||false|false&#8221; custom_margin_last_edited=&#8221;on|desktop&#8221; global_colors_info=&#8221;{}&#8221;][\/et_pb_icon][et_pb_text _builder_version=&#8221;4.21.0&#8243; _module_preset=&#8221;default&#8221; text_font=&#8221;Montserrat||||||||&#8221; text_text_color=&#8221;#001941&#8243; text_font_size=&#8221;1.1vw&#8221; link_font=&#8221;Montserrat||||||||&#8221; link_text_color=&#8221;#001941&#8243; link_font_size=&#8221;1.1vw&#8221; header_font=&#8221;Nunito||||||||&#8221; header_2_font=&#8221;Montserrat||||||||&#8221; header_2_text_align=&#8221;center&#8221; header_2_text_color=&#8221;#001941&#8243; header_2_font_size=&#8221;1.5vw&#8221; text_orientation=&#8221;justified&#8221; custom_margin=&#8221;||50px||false|false&#8221; custom_margin_tablet=&#8221;||11px||false|false&#8221; custom_margin_phone=&#8221;||11px||false|false&#8221; custom_margin_last_edited=&#8221;on|desktop&#8221; custom_padding=&#8221;|12px||12px|false|true&#8221; link_option_url=&#8221;https:\/\/goo.gl\/maps\/54JfKPkjFe2rww949&#8243; text_font_size_tablet=&#8221;2vw&#8221; text_font_size_phone=&#8221;16px&#8221; text_font_size_last_edited=&#8221;on|phone&#8221; link_font_size_tablet=&#8221;2vw&#8221; link_font_size_phone=&#8221;16px&#8221; link_font_size_last_edited=&#8221;on|phone&#8221; header_2_font_size_tablet=&#8221;21px&#8221; header_2_font_size_phone=&#8221;24px&#8221; header_2_font_size_last_edited=&#8221;on|desktop&#8221; text_orientation_tablet=&#8221;justified&#8221; text_orientation_phone=&#8221;center&#8221; text_orientation_last_edited=&#8221;on|phone&#8221; global_colors_info=&#8221;{}&#8221; link_orientation_tablet=&#8221;justified&#8221; link_orientation_phone=&#8221;center&#8221; link_orientation_last_edited=&#8221;on|phone&#8221;]<\/p>\n<h2><strong>Adresse<\/strong><\/h2>\n<p style=\"text-align: center;\"><a href=\"https:\/\/goo.gl\/maps\/54JfKPkjFe2rww949\" target=\"_blank\" rel=\"noopener\">Talatpa\u015fa Caddesi Ka\u011f\u0131thane \/ \u0130stanbul<\/a><\/p>\n<p>[\/et_pb_text][\/et_pb_column][et_pb_column type=&#8221;1_3&#8243; _builder_version=&#8221;4.18.0&#8243; _module_preset=&#8221;default&#8221; background_color=&#8221;rgba(179,202,228,0.12)&#8221; border_radii=&#8221;off|250px|250px|35px|35px&#8221; global_colors_info=&#8221;{}&#8221;][et_pb_icon font_icon=&#8221;&#xe010;||divi||400&#8243; icon_color=&#8221;#001941&#8243; icon_width=&#8221;72px&#8221; _builder_version=&#8221;4.18.0&#8243; _module_preset=&#8221;default&#8221; custom_margin=&#8221;33px||38px||false|false&#8221; custom_margin_tablet=&#8221;33px||38px||false|false&#8221; custom_margin_phone=&#8221;33px||38px||false|false&#8221; custom_margin_last_edited=&#8221;on|desktop&#8221; global_colors_info=&#8221;{}&#8221;][\/et_pb_icon][et_pb_text _builder_version=&#8221;4.18.0&#8243; _module_preset=&#8221;default&#8221; text_font=&#8221;Montserrat||||||||&#8221; text_text_color=&#8221;#001941&#8243; text_font_size=&#8221;1.1vw&#8221; link_font=&#8221;Montserrat||||||||&#8221; link_text_color=&#8221;#001941&#8243; link_font_size=&#8221;1.1vw&#8221; header_font=&#8221;Nunito||||||||&#8221; header_2_font=&#8221;Montserrat||||||||&#8221; header_2_text_align=&#8221;center&#8221; header_2_text_color=&#8221;#001941&#8243; header_2_font_size=&#8221;1.5vw&#8221; text_orientation=&#8221;justified&#8221; custom_margin=&#8221;||55px||false|false&#8221; custom_margin_tablet=&#8221;||55px||false|false&#8221; custom_margin_phone=&#8221;||55px||false|false&#8221; custom_margin_last_edited=&#8221;on|desktop&#8221; custom_padding=&#8221;|12px|26px|12px|false|true&#8221; custom_padding_tablet=&#8221;|12px|26px|12px|false|true&#8221; custom_padding_phone=&#8221;|12px|26px|12px|false|true&#8221; custom_padding_last_edited=&#8221;on|desktop&#8221; link_option_url=&#8221;mailto:info@vitapera.com&#8221; text_font_size_tablet=&#8221;2vw&#8221; text_font_size_phone=&#8221;16px&#8221; text_font_size_last_edited=&#8221;on|phone&#8221; link_font_size_tablet=&#8221;2vw&#8221; link_font_size_phone=&#8221;16px&#8221; link_font_size_last_edited=&#8221;on|phone&#8221; header_2_font_size_tablet=&#8221;2.7vw&#8221; header_2_font_size_phone=&#8221;24px&#8221; header_2_font_size_last_edited=&#8221;on|phone&#8221; text_orientation_tablet=&#8221;justified&#8221; text_orientation_phone=&#8221;center&#8221; text_orientation_last_edited=&#8221;on|phone&#8221; global_colors_info=&#8221;{}&#8221; link_orientation_tablet=&#8221;justified&#8221; link_orientation_phone=&#8221;center&#8221; link_orientation_last_edited=&#8221;on|phone&#8221;]<\/p>\n<h2><strong>Courrier<\/strong><\/h2>\n<p style=\"text-align: center;\"><a href=\"mailto:info@vitapera.com\">info@vitapera.com<\/a><\/p>\n<p>[\/et_pb_text][\/et_pb_column][\/et_pb_row][et_pb_row disabled_on=&#8221;on|off|off&#8221; _builder_version=&#8221;4.18.0&#8243; _module_preset=&#8221;default&#8221; background_image=&#8221;https:\/\/vitapera.com\/fr\/wp-content\/uploads\/2022\/08\/Mask-group-42-1.jpg&#8221; max_width=&#8221;80%&#8221; custom_margin=&#8221;||||false|false&#8221; custom_margin_tablet=&#8221;-15%||||false|false&#8221; custom_margin_phone=&#8221;9%||||false|false&#8221; custom_margin_last_edited=&#8221;on|phone&#8221; custom_padding=&#8221;||||false|false&#8221; border_radii=&#8221;on|7px|7px|7px|7px&#8221; saved_tabs=&#8221;all&#8221; global_colors_info=&#8221;{}&#8221;][et_pb_column type=&#8221;4_4&#8243; _builder_version=&#8221;4.18.0&#8243; _module_preset=&#8221;default&#8221; global_colors_info=&#8221;{}&#8221;][et_pb_text _builder_version=&#8221;4.18.0&#8243; _module_preset=&#8221;default&#8221; text_font=&#8221;Source Sans Pro||||||||&#8221; text_text_color=&#8221;#FFFFFF&#8221; text_font_size=&#8221;2.3vw&#8221; text_line_height=&#8221;1.6em&#8221; text_orientation=&#8221;center&#8221; text_font_size_tablet=&#8221;3.5vw&#8221; text_font_size_phone=&#8221;17.3px&#8221; text_font_size_last_edited=&#8221;on|phone&#8221; global_colors_info=&#8221;{}&#8221;]<\/p>\n<p>Tout le monde a le droit de mieux para\u00eetre<br \/><strong>Prenez rendez-vous maintenant\u00a0!<\/strong><\/p>\n<p>[\/et_pb_text][et_pb_code _builder_version=&#8221;4.18.0&#8243; _module_preset=&#8221;default&#8221; custom_margin_tablet=&#8221;&#8221; custom_margin_phone=&#8221;&#8221; custom_margin_last_edited=&#8221;on|desktop&#8221; custom_padding=&#8221;|332px||332px|false|true&#8221; custom_padding_tablet=&#8221;|332px||332px|false|true&#8221; custom_padding_phone=&#8221;|332px||332px|false|true&#8221; custom_padding_last_edited=&#8221;on|desktop&#8221; global_colors_info=&#8221;{}&#8221;]\n<div class=\"wpcf7 no-js\" id=\"wpcf7-f4080-o1\" lang=\"en-US\" dir=\"ltr\" data-wpcf7-id=\"4080\">\n<div class=\"screen-reader-response\"><p role=\"status\" aria-live=\"polite\" aria-atomic=\"true\"><\/p> <ul><\/ul><\/div>\n<form action=\"\/fr\/wp-json\/wp\/v2\/pages\/3466#wpcf7-f4080-o1\" method=\"post\" class=\"wpcf7-form init\" aria-label=\"Contact form\" novalidate=\"novalidate\" data-status=\"init\">\n<div style=\"display: none;\">\n<input type=\"hidden\" name=\"_wpcf7\" value=\"4080\" \/>\n<input type=\"hidden\" name=\"_wpcf7_version\" value=\"6.0\" \/>\n<input type=\"hidden\" name=\"_wpcf7_locale\" value=\"en_US\" \/>\n<input type=\"hidden\" name=\"_wpcf7_unit_tag\" value=\"wpcf7-f4080-o1\" \/>\n<input type=\"hidden\" name=\"_wpcf7_container_post\" value=\"0\" \/>\n<input type=\"hidden\" name=\"_wpcf7_posted_data_hash\" value=\"\" \/>\n<\/div>\n<div class=\"uacf7-form-4080\"><div class=\"uacf7-row\"><div class=\"uacf7-col-6\"> <span class=\"wpcf7-form-control-wrap\" data-name=\"your-name\"><input size=\"40\" maxlength=\"400\" class=\"wpcf7-form-control wpcf7-text wpcf7-validates-as-required\" aria-required=\"true\" aria-invalid=\"false\" placeholder=\"Nom\" value=\"\" type=\"text\" name=\"your-name\" \/><\/span><\/div><div class=\"uacf7-col-6\">   <span class=\"wpcf7-form-control-wrap\" data-name=\"your-email\"><input size=\"40\" maxlength=\"400\" class=\"wpcf7-form-control wpcf7-text wpcf7-validates-as-required\" aria-required=\"true\" aria-invalid=\"false\" placeholder=\"E-mail\" value=\"\" type=\"text\" name=\"your-email\" \/><\/span> <\/div><\/div>\n\n\n<div class=\"uacf7-row\"><div class=\"uacf7-col-6\">   <span class=\"wpcf7-form-control-wrap\" data-name=\"your-phone\"><input size=\"40\" class=\"wpcf7-form-control wpcf7-phonetext wpcf7-text wpcf7-validates-as-phonetext\" aria-invalid=\"false\" value=\"+33\" type=\"text\" name=\"your-phone\" \/><input type=\"hidden\" name=\"your-phone-country-code\" class=\"wpcf7-phonetext-country-code\" \/><\/span> <\/div><div class=\"uacf7-col-6\">  <span class=\"wpcf7-form-control-wrap\" data-name=\"menu-339\"><select class=\"wpcf7-form-control wpcf7-select\" aria-invalid=\"false\" name=\"menu-339\"><option value=\"\">choisir le traitement<\/option><option value=\"Esth\u00e9tique Du Corps\">Esth\u00e9tique Du Corps<\/option><option value=\"Esth\u00e9tique Du Visage\">Esth\u00e9tique Du Visage<\/option><option value=\"Esth\u00e9tique Des Seins\">Esth\u00e9tique Des Seins<\/option><option value=\"Traitements De L\u2019ob\u00e9sit\u00e9\">Traitements De L\u2019ob\u00e9sit\u00e9<\/option><option value=\"Traitements Dentaires\">Traitements Dentaires<\/option><option value=\"Traitements Capillaires\">Traitements Capillaires<\/option><\/select><\/span> <\/div><\/div>\n\n\n<div class=\"uacf7-row\"><div class=\"uacf7-col-12\"> <input class=\"wpcf7-form-control wpcf7-submit has-spinner\" type=\"submit\" value=\"Envoyer un message\" \/> <\/div><\/div><\/div><div class=\"wpcf7-response-output\" aria-hidden=\"true\"><\/div>\n<\/form>\n<\/div>\n[\/et_pb_code][\/et_pb_column][\/et_pb_row][\/et_pb_section][et_pb_section fb_built=&#8221;1&#8243; _builder_version=&#8221;4.18.0&#8243; _module_preset=&#8221;default&#8221; custom_padding=&#8221;0px||0px||false|false&#8221; global_colors_info=&#8221;{}&#8221;][et_pb_row _builder_version=&#8221;4.18.0&#8243; _module_preset=&#8221;default&#8221; width=&#8221;100%&#8221; max_width=&#8221;100%&#8221; custom_padding=&#8221;||0px|||&#8221; global_colors_info=&#8221;{}&#8221;][et_pb_column type=&#8221;4_4&#8243; _builder_version=&#8221;4.18.0&#8243; _module_preset=&#8221;default&#8221; global_colors_info=&#8221;{}&#8221;][et_pb_code _builder_version=&#8221;4.18.0&#8243; _module_preset=&#8221;default&#8221; global_colors_info=&#8221;{}&#8221;]<iframe src=\"https:\/\/www.google.com\/maps\/embed?pb=!1m18!1m12!1m3!1d3007.526670338971!2d29.004142315310744!3d41.07933797929356!2m3!1f0!2f0!3f0!3m2!1i1024!2i768!4f13.1!3m3!1m2!1s0x14cab65df601a255%3A0x67b96893ae183ec9!2zT3J0YWJhecSxciwgVGFsYXRwYcWfYSBDZC4gTm86MjEgRDoxMDFrYWdpdGhhbmUsIDM0NDEzIEvDosSfxLF0aGFuZS_EsHN0YW5idWw!5e0!3m2!1sen!2str!4v1663749788532!5m2!1sen!2str\" width=\"100%\" height=\"450\" style=\"border:0;\" allowfullscreen=\"\" loading=\"lazy\" referrerpolicy=\"no-referrer-when-downgrade\"><\/iframe>[\/et_pb_code][\/et_pb_column][\/et_pb_row][\/et_pb_section]<\/p>\n","protected":false},"excerpt":{"rendered":"<p>Vitapera ContactezT\u00e9l\u00e9phoner +90 536 558 12 88Adresse Talatpa\u015fa Caddesi Ka\u011f\u0131thane \/ \u0130stanbulCourrier info@vitapera.comTout le monde a le droit de mieux para\u00eetrePrenez rendez-vous maintenant\u00a0!\n<div class=\"wpcf7 no-js\" id=\"wpcf7-f4080-o2\" lang=\"en-US\" dir=\"ltr\" data-wpcf7-id=\"4080\">\n<div class=\"screen-reader-response\"><p role=\"status\" aria-live=\"polite\" aria-atomic=\"true\"><\/p> <ul><\/ul><\/div>\n<form action=\"\/fr\/wp-json\/wp\/v2\/pages\/3466#wpcf7-f4080-o2\" method=\"post\" class=\"wpcf7-form init\" aria-label=\"Contact form\" novalidate=\"novalidate\" data-status=\"init\">\n<div style=\"display: none;\">\n<input type=\"hidden\" name=\"_wpcf7\" value=\"4080\" \/>\n<input type=\"hidden\" name=\"_wpcf7_version\" value=\"6.0\" \/>\n<input type=\"hidden\" name=\"_wpcf7_locale\" value=\"en_US\" \/>\n<input type=\"hidden\" name=\"_wpcf7_unit_tag\" value=\"wpcf7-f4080-o2\" \/>\n<input type=\"hidden\" name=\"_wpcf7_container_post\" value=\"0\" \/>\n<input type=\"hidden\" name=\"_wpcf7_posted_data_hash\" value=\"\" \/>\n<\/div>\n<div class=\"uacf7-form-4080\"><div class=\"uacf7-row\"><div class=\"uacf7-col-6\"> <span class=\"wpcf7-form-control-wrap\" data-name=\"your-name\"><input size=\"40\" maxlength=\"400\" class=\"wpcf7-form-control wpcf7-text wpcf7-validates-as-required\" aria-required=\"true\" aria-invalid=\"false\" placeholder=\"Nom\" value=\"\" type=\"text\" name=\"your-name\" \/><\/span><\/div><div class=\"uacf7-col-6\">   <span class=\"wpcf7-form-control-wrap\" data-name=\"your-email\"><input size=\"40\" maxlength=\"400\" class=\"wpcf7-form-control wpcf7-text wpcf7-validates-as-required\" aria-required=\"true\" aria-invalid=\"false\" placeholder=\"E-mail\" value=\"\" type=\"text\" name=\"your-email\" \/><\/span> <\/div><\/div>\n\n\n<div class=\"uacf7-row\"><div class=\"uacf7-col-6\">   <span class=\"wpcf7-form-control-wrap\" data-name=\"your-phone\"><input size=\"40\" class=\"wpcf7-form-control wpcf7-phonetext wpcf7-text wpcf7-validates-as-phonetext\" aria-invalid=\"false\" value=\"+33\" type=\"text\" name=\"your-phone\" \/><input type=\"hidden\" name=\"your-phone-country-code\" class=\"wpcf7-phonetext-country-code\" \/><\/span> <\/div><div class=\"uacf7-col-6\">  <span class=\"wpcf7-form-control-wrap\" data-name=\"menu-339\"><select class=\"wpcf7-form-control wpcf7-select\" aria-invalid=\"false\" name=\"menu-339\"><option value=\"\">choisir le traitement<\/option><option value=\"Esth\u00e9tique Du Corps\">Esth\u00e9tique Du Corps<\/option><option value=\"Esth\u00e9tique Du Visage\">Esth\u00e9tique Du Visage<\/option><option value=\"Esth\u00e9tique Des Seins\">Esth\u00e9tique Des Seins<\/option><option value=\"Traitements De L\u2019ob\u00e9sit\u00e9\">Traitements De L\u2019ob\u00e9sit\u00e9<\/option><option value=\"Traitements Dentaires\">Traitements Dentaires<\/option><option value=\"Traitements Capillaires\">Traitements Capillaires<\/option><\/select><\/span> <\/div><\/div>\n\n\n<div class=\"uacf7-row\"><div class=\"uacf7-col-12\"> <input class=\"wpcf7-form-control wpcf7-submit has-spinner\" type=\"submit\" value=\"Envoyer un message\" \/> <\/div><\/div><\/div><div class=\"wpcf7-response-output\" aria-hidden=\"true\"><\/div>\n<\/form>\n<\/div>\n<\/p>\n","protected":false},"author":1,"featured_media":0,"parent":0,"menu_order":0,"comment_status":"closed","ping_status":"closed","template":"","meta":{"_et_pb_use_builder":"on","_et_pb_old_content":"<!-- wp:divi\/placeholder \/-->","_et_gb_content_width":"","footnotes":""},"class_list":["post-3466","page","type-page","status-publish","hentry"],"_links":{"self":[{"href":"https:\/\/vitapera.com\/fr\/wp-json\/wp\/v2\/pages\/3466","targetHints":{"allow":["GET"]}}],"collection":[{"href":"https:\/\/vitapera.com\/fr\/wp-json\/wp\/v2\/pages"}],"about":[{"href":"https:\/\/vitapera.com\/fr\/wp-json\/wp\/v2\/types\/page"}],"author":[{"embeddable":true,"href":"https:\/\/vitapera.com\/fr\/wp-json\/wp\/v2\/users\/1"}],"replies":[{"embeddable":true,"href":"https:\/\/vitapera.com\/fr\/wp-json\/wp\/v2\/comments?post=3466"}],"version-history":[{"count":20,"href":"https:\/\/vitapera.com\/fr\/wp-json\/wp\/v2\/pages\/3466\/revisions"}],"predecessor-version":[{"id":248280,"href":"https:\/\/vitapera.com\/fr\/wp-json\/wp\/v2\/pages\/3466\/revisions\/248280"}],"wp:attachment":[{"href":"https:\/\/vitapera.com\/fr\/wp-json\/wp\/v2\/media?parent=3466"}],"curies":[{"name":"wp","href":"https:\/\/api.w.org\/{rel}","templated":true}]}}