{"id":4579,"date":"2022-10-06T13:02:45","date_gmt":"2022-10-06T13:02:45","guid":{"rendered":"https:\/\/vitapera.com\/fr\/?page_id=4579"},"modified":"2023-08-04T13:26:11","modified_gmt":"2023-08-04T13:26:11","slug":"politique-de-confidentialite","status":"publish","type":"page","link":"https:\/\/vitapera.com\/fr\/politique-de-confidentialite\/","title":{"rendered":"Politique de confidentialit\u00e9"},"content":{"rendered":"\n<h2 class=\"wp-block-heading\">TABLE DES MATI\u00c8RES<\/h2>\n\n\n\n<ol class=\"wp-block-list\">\n<li><strong>QUELLES INFORMATIONS COLLECTONS-NOUS ?<\/strong><\/li>\n\n\n\n<li><strong>COMMENT TRAITONS-NOUS VOS INFORMATIONS ?<\/strong><\/li>\n\n\n\n<li><strong>SUR QUELLES BASES L\u00c9GALES NOUS APPUYONS-NOUS POUR TRAITER VOS INFORMATIONS PERSONNELLES ?<\/strong><\/li>\n\n\n\n<li><strong>QUAND ET AVEC QUI PARTAGEONS-NOUS VOS INFORMATIONS PERSONNELLES ?<\/strong><\/li>\n\n\n\n<li><strong>UTILISONS-NOUS DES COOKIES ET D&#8217;AUTRES TECHNOLOGIES DE SUIVI ?<\/strong><\/li>\n\n\n\n<li><strong>VOS INFORMATIONS SONT-ELLES TRANSF\u00c9R\u00c9ES \u00c0 L&#8217;INTERNATIONAL ?<\/strong><\/li>\n\n\n\n<li><strong>PENDANT COMBIEN DE TEMPS CONSERVONS-NOUS VOS INFORMATIONS ?<\/strong><\/li>\n\n\n\n<li><strong>COMMENT PROT\u00c9GEONS-NOUS VOS INFORMATIONS ?<\/strong><\/li>\n\n\n\n<li><strong>COLLECTONS-NOUS DES INFORMATIONS SUR LES MINEURS ?<\/strong><\/li>\n\n\n\n<li><strong>QUALES SONT VOS DROITS EN MATI\u00c8RE DE CONFIDENTIALIT\u00c9 ?<\/strong><\/li>\n\n\n\n<li><strong>CONTR\u00d4LES POUR LES FONCTIONNALIT\u00c9S DE NE PAS SUIVRE<\/strong><\/li>\n\n\n\n<li><strong>METTONS-NOUS \u00c0 JOUR CETTE POLITIQUE ?<\/strong><\/li>\n\n\n\n<li><strong>COMMENT POUVEZ-VOUS NOUS CONTACTER CONCERNANT CETTE POLITIQUE ?<\/strong><\/li>\n\n\n\n<li><strong>COMMENT POUVEZ-VOUS CONSULTER, METTRE \u00c0 JOUR OU SUPPRIMER LES DONN\u00c9ES QUE NOUS COLLECTONS \u00c0 VOTRE SUJET ?<\/strong><\/li>\n<\/ol>\n\n\n\n<p><strong>QUELLES INFORMATIONS COLLECTONS-NOUS ?<\/strong><\/p>\n\n\n\n<p><strong>Nous collectons uniquement les informations n\u00e9cessaires pour fournir nos services et am\u00e9liorer votre exp\u00e9rience sur notre site.<\/strong><\/p>\n\n\n\n<p><strong>COMMENT TRAITONS-NOUS VOS INFORMATIONS ?<\/strong><\/p>\n\n\n\n<p><strong>Vos informations personnelles sont trait\u00e9es de mani\u00e8re s\u00e9curis\u00e9e et confidentielle, conform\u00e9ment aux lois en vigueur.<\/strong><\/p>\n\n\n\n<p><strong>SUR QUELLES BASES L\u00c9GALES NOUS APPUYONS-NOUS POUR TRAITER VOS INFORMATIONS PERSONNELLES ?<\/strong><\/p>\n\n\n\n<p><strong>Nous traitons vos informations conform\u00e9ment aux bases l\u00e9gales appropri\u00e9es, telles que votre consentement ou l&#8217;ex\u00e9cution d&#8217;un contrat.<\/strong><\/p>\n\n\n\n<p><strong>QUAND ET AVEC QUI PARTAGEONS-NOUS VOS INFORMATIONS PERSONNELLES ?<\/strong><\/p>\n\n\n\n<p><strong>Nous ne partageons vos informations qu&#8217;avec des tiers de confiance, lorsque cela est n\u00e9cessaire pour fournir nos services.<\/strong><\/p>\n\n\n\n<p><strong>UTILISONS-NOUS DES COOKIES ET D&#8217;AUTRES TECHNOLOGIES DE SUIVI ?<\/strong><\/p>\n\n\n\n<p><strong>Nous utilisons des cookies et des technologies similaires pour am\u00e9liorer votre exp\u00e9rience de navigation et comprendre votre utilisation de notre site.<\/strong><\/p>\n\n\n\n<p><strong>VOS INFORMATIONS SONT-ELLES TRANSF\u00c9R\u00c9ES \u00c0 L&#8217;INTERNATIONAL ?<\/strong><\/p>\n\n\n\n<p><strong>Vos informations peuvent \u00eatre transf\u00e9r\u00e9es \u00e0 des destinations internationales, mais nous assurons toujours leur protection.<\/strong><\/p>\n\n\n\n<p><strong>PENDANT COMBIEN DE TEMPS CONSERVONS-NOUS VOS INFORMATIONS ?<\/strong><\/p>\n\n\n\n<p><strong>Nous conservons vos informations aussi longtemps que n\u00e9cessaire pour fournir nos services ou se conformer aux exigences l\u00e9gales.<\/strong><\/p>\n\n\n\n<p><strong>COMMENT PROT\u00c9GEONS-NOUS VOS INFORMATIONS ?<\/strong><\/p>\n\n\n\n<p><strong>Nous mettons en place des mesures de s\u00e9curit\u00e9 appropri\u00e9es pour prot\u00e9ger vos informations contre tout acc\u00e8s non autoris\u00e9.<\/strong><\/p>\n\n\n\n<p><strong>COLLECTONS-NOUS DES INFORMATIONS SUR LES MINEURS ?<\/strong><\/p>\n\n\n\n<p><strong>Nous ne collectons pas sciemment d&#8217;informations personnelles aupr\u00e8s de mineurs sans consentement parental.<\/strong><\/p>\n\n\n\n<p><strong>QUALES SONT VOS DROITS EN MATI\u00c8RE DE CONFIDENTIALIT\u00c9 ?<\/strong><\/p>\n\n\n\n<p><strong>Vous avez le droit d&#8217;acc\u00e9der, de mettre \u00e0 jour et de supprimer vos informations personnelles selon les lois applicables.<\/strong><\/p>\n\n\n\n<p><strong>CONTR\u00d4LES POUR LES FONCTIONNALIT\u00c9S DE NE PAS SUIVRE<\/strong><\/p>\n\n\n\n<p><strong>Vous pouvez configurer les param\u00e8tres de votre navigateur pour refuser les cookies et le suivi en ligne.<\/strong><\/p>\n\n\n\n<p><strong>METTONS-NOUS \u00c0 JOUR CETTE POLITIQUE ?<\/strong><\/p>\n\n\n\n<p><strong>Nous mettons \u00e0 jour notre politique de confidentialit\u00e9 de temps en temps et vous informons des modifications importantes.<\/strong><\/p>\n\n\n\n<p><strong>COMMENT POUVEZ-VOUS NOUS CONTACTER CONCERNANT CETTE POLITIQUE ?<\/strong><\/p>\n\n\n\n<p><strong>Pour toute question ou pr\u00e9occupation concernant notre politique de confidentialit\u00e9, vous pouvez nous contacter \u00e0 tout moment.<\/strong><\/p>\n\n\n\n<p><strong>COMMENT POUVEZ-VOUS CONSULTER, METTRE \u00c0 JOUR OU SUPPRIMER LES DONN\u00c9ES QUE NOUS COLLECTONS \u00c0 VOTRE SUJET ?<\/strong><\/p>\n\n\n\n<p><strong>Vous pouvez nous contacter pour acc\u00e9der, mettre \u00e0 jour ou supprimer vos informations personnelles de notre base de donn\u00e9es.<\/strong><\/p>\n\n\n\n<p><\/p>\n","protected":false},"excerpt":{"rendered":"<p>TABLE DES MATI\u00c8RES QUELLES INFORMATIONS COLLECTONS-NOUS ? Nous collectons uniquement les informations n\u00e9cessaires pour fournir nos services et am\u00e9liorer votre exp\u00e9rience sur notre site. COMMENT TRAITONS-NOUS VOS INFORMATIONS ? Vos informations personnelles sont trait\u00e9es de mani\u00e8re s\u00e9curis\u00e9e et confidentielle, conform\u00e9ment aux lois en vigueur. SUR QUELLES BASES L\u00c9GALES NOUS APPUYONS-NOUS POUR TRAITER VOS INFORMATIONS PERSONNELLES [&hellip;]<\/p>\n","protected":false},"author":1,"featured_media":0,"parent":0,"menu_order":0,"comment_status":"closed","ping_status":"closed","template":"","meta":{"_et_pb_use_builder":"off","_et_pb_old_content":"","_et_gb_content_width":"1080","footnotes":""},"class_list":["post-4579","page","type-page","status-publish","hentry"],"_links":{"self":[{"href":"https:\/\/vitapera.com\/fr\/wp-json\/wp\/v2\/pages\/4579","targetHints":{"allow":["GET"]}}],"collection":[{"href":"https:\/\/vitapera.com\/fr\/wp-json\/wp\/v2\/pages"}],"about":[{"href":"https:\/\/vitapera.com\/fr\/wp-json\/wp\/v2\/types\/page"}],"author":[{"embeddable":true,"href":"https:\/\/vitapera.com\/fr\/wp-json\/wp\/v2\/users\/1"}],"replies":[{"embeddable":true,"href":"https:\/\/vitapera.com\/fr\/wp-json\/wp\/v2\/comments?post=4579"}],"version-history":[{"count":3,"href":"https:\/\/vitapera.com\/fr\/wp-json\/wp\/v2\/pages\/4579\/revisions"}],"predecessor-version":[{"id":248244,"href":"https:\/\/vitapera.com\/fr\/wp-json\/wp\/v2\/pages\/4579\/revisions\/248244"}],"wp:attachment":[{"href":"https:\/\/vitapera.com\/fr\/wp-json\/wp\/v2\/media?parent=4579"}],"curies":[{"name":"wp","href":"https:\/\/api.w.org\/{rel}","templated":true}]}}