{"id":60,"date":"2023-08-31T11:04:00","date_gmt":"2023-08-31T11:04:00","guid":{"rendered":"https:\/\/vitapera.com\/tr\/?page_id=60"},"modified":"2024-01-04T13:58:35","modified_gmt":"2024-01-04T13:58:35","slug":"hakkimizda","status":"publish","type":"page","link":"https:\/\/vitapera.com\/tr\/hakkimizda\/","title":{"rendered":"Hakk\u0131m\u0131zda"},"content":{"rendered":"<p>[et_pb_section fb_built=&#8221;1&#8243; _builder_version=&#8221;4.18.0&#8243; _module_preset=&#8221;default&#8221; background_image=&#8221;https:\/\/vitapera.com\/tr\/wp-content\/uploads\/2023\/08\/Group-9515-1.png&#8221; height=&#8221;800px&#8221; background_last_edited=&#8221;on|phone&#8221; background_image_phone=&#8221;https:\/\/vitapera.com\/tr\/wp-content\/uploads\/2023\/08\/Group-9502-2-1.jpg&#8221; background_enable_image_phone=&#8221;on&#8221; background_size_phone=&#8221;custom&#8221; background_image_width_phone=&#8221;100%&#8221; background_position_phone=&#8221;top_left&#8221; global_colors_info=&#8221;{}&#8221;][et_pb_row custom_padding_last_edited=&#8221;on|tablet&#8221; module_class=&#8221;pa-inline-buttons&#8221; _builder_version=&#8221;4.21.0&#8243; _module_preset=&#8221;default&#8221; max_width=&#8221;80%&#8221; custom_margin_tablet=&#8221;&#8221; custom_margin_phone=&#8221;283px||||false|false&#8221; custom_margin_last_edited=&#8221;on|phone&#8221; custom_padding_tablet=&#8221;|||22%|false|false&#8221; custom_padding_phone=&#8221;|||0%|false|false&#8221; global_colors_info=&#8221;{}&#8221;][et_pb_column type=&#8221;4_4&#8243; _builder_version=&#8221;4.18.0&#8243; _module_preset=&#8221;default&#8221; global_colors_info=&#8221;{}&#8221;][et_pb_text _builder_version=&#8221;4.21.0&#8243; _module_preset=&#8221;default&#8221; header_font=&#8221;Playfair Display||||||||&#8221; header_text_color=&#8221;#134a9f&#8221; header_font_size=&#8221;3.5vw&#8221; header_2_font=&#8221;Playfair Display||||||||&#8221; header_2_text_color=&#8221;#134a9f&#8221; header_2_font_size=&#8221;3.5vw&#8221; text_font_tablet=&#8221;&#8221; text_font_phone=&#8221;|600|||||||&#8221; text_font_last_edited=&#8221;on|phone&#8221; header_font_tablet=&#8221;Playfair Display||||||||&#8221; header_font_phone=&#8221;Playfair Display|700|||||||&#8221; header_font_last_edited=&#8221;on|phone&#8221; header_text_align_tablet=&#8221;&#8221; header_text_align_phone=&#8221;center&#8221; header_text_align_last_edited=&#8221;on|phone&#8221; header_font_size_tablet=&#8221;6.1vw&#8221; header_font_size_phone=&#8221;33px&#8221; header_font_size_last_edited=&#8221;on|phone&#8221; header_line_height_tablet=&#8221;&#8221; header_line_height_phone=&#8221;9.1vw&#8221; header_line_height_last_edited=&#8221;on|phone&#8221; header_2_font_tablet=&#8221;Playfair Display||||||||&#8221; header_2_font_phone=&#8221;Playfair Display|700|||||||&#8221; header_2_font_last_edited=&#8221;on|phone&#8221; header_2_text_align_tablet=&#8221;&#8221; header_2_text_align_phone=&#8221;center&#8221; header_2_text_align_last_edited=&#8221;on|phone&#8221; header_2_font_size_tablet=&#8221;6.1vw&#8221; header_2_font_size_phone=&#8221;33px&#8221; header_2_font_size_last_edited=&#8221;on|phone&#8221; global_colors_info=&#8221;{}&#8221;]<\/p>\n<h1>Vitapera&#8217;ya ho\u015f geldiniz!<\/h1>\n<p>[\/et_pb_text][et_pb_divider color=&#8221;#2b2f56&#8243; _builder_version=&#8221;4.18.0&#8243; _module_preset=&#8221;default&#8221; width=&#8221;91%&#8221; custom_margin=&#8221;-19px||||false|false&#8221; custom_margin_tablet=&#8221;-19px||||false|false&#8221; custom_margin_phone=&#8221;-19px||||false|false&#8221; custom_margin_last_edited=&#8221;on|desktop&#8221; global_colors_info=&#8221;{}&#8221;][\/et_pb_divider][et_pb_text _builder_version=&#8221;4.21.0&#8243; _module_preset=&#8221;default&#8221; text_font=&#8221;||||||||&#8221; text_text_color=&#8221;#5f5f64&#8243; text_font_size=&#8221;1.3vw&#8221; text_line_height=&#8221;1.6em&#8221; width=&#8221;100%&#8221; custom_margin=&#8221;-30px|3px||0px|false|false&#8221; custom_margin_tablet=&#8221;-30px|0px||0px|false|false&#8221; custom_margin_phone=&#8221;-30px|0px||0px|false|false&#8221; custom_margin_last_edited=&#8221;on|desktop&#8221; custom_padding=&#8221;|67px|||false|false&#8221; custom_padding_tablet=&#8221;|116px|||false|false&#8221; custom_padding_phone=&#8221;|0px||0px|false|false&#8221; custom_padding_last_edited=&#8221;on|tablet&#8221; text_font_size_tablet=&#8221;1.9vw&#8221; text_font_size_phone=&#8221;16px&#8221; text_font_size_last_edited=&#8221;on|phone&#8221; text_orientation_tablet=&#8221;&#8221; text_orientation_phone=&#8221;left&#8221; text_orientation_last_edited=&#8221;on|phone&#8221; global_colors_info=&#8221;{}&#8221;]<\/p>\n<p>Vitapera olarak sa\u011fl\u0131\u011f\u0131n, g\u00fczelli\u011fin ve yenilenen g\u00fcvenin g\u00fcc\u00fcne tutkuyla inan\u0131yoruz. Misyonumuz, refah\u0131n\u0131z\u0131n ve isteklerinizin \u00f6n planda oldu\u011fu, ya\u015fam\u0131 de\u011fi\u015ftirecek yolculuklar d\u00fczenlemektir. En son uzmanl\u0131\u011f\u0131 b\u00fcy\u00fcleyici destinasyonlar\u0131n cazibesiyle harmanlarken s\u0131ra d\u0131\u015f\u0131 olan\u0131 kucaklay\u0131n.<\/p>\n<p>Deneyimli t\u0131p uzmanlar\u0131ndan ve hasta koordinat\u00f6rlerinden olu\u015fan ekibimiz, deneyiminizin kusursuz, konforlu ve \u00f6d\u00fcllendirici olmas\u0131n\u0131 sa\u011flamak i\u00e7in yorulmadan \u00e7al\u0131\u015f\u0131r. \u0130ster Estetik \u0130yile\u015ftirmeler, Obezite Operasyonlar\u0131, Di\u015f Tedavileri veya Sa\u00e7 Ekimi olsun, Vitapera size yolun her ad\u0131m\u0131nda rehberlik etmek i\u00e7in burada.<\/p>\n<p>T\u00fcrkiye&#8217;deki bir sonraki estetik prosed\u00fcr\u00fcn\u00fcz hakk\u0131nda bizimle ileti\u015fime ge\u00e7mekten \u00e7ekinmeyin. Temsilcilerden olu\u015fan ekibimiz, kendinizi de\u011ferli ve \u00f6nemsendi\u011finizi hissetmenizi sa\u011flamaya kararl\u0131d\u0131r.\u00a0<\/p>\n<p>[\/et_pb_text][et_pb_text _builder_version=&#8221;4.21.0&#8243; _module_preset=&#8221;default&#8221; text_font=&#8221;Baloo 2||||||||&#8221; text_font_size=&#8221;3vw&#8221; header_2_text_align=&#8221;left&#8221; header_2_text_color=&#8221;#134a9f&#8221; header_2_font_size=&#8221;3vw&#8221; custom_margin_tablet=&#8221;&#8221; custom_margin_phone=&#8221;-14px||-20px||false|false&#8221; custom_margin_last_edited=&#8221;on|phone&#8221; text_font_size_tablet=&#8221;3vw&#8221; text_font_size_phone=&#8221;25px&#8221; text_font_size_last_edited=&#8221;on|phone&#8221; header_2_font_size_tablet=&#8221;3vw&#8221; header_2_font_size_phone=&#8221;32px&#8221; header_2_font_size_last_edited=&#8221;on|phone&#8221; global_colors_info=&#8221;{}&#8221;]<\/p>\n<h2>Tamaya Turizm kimdir?<\/h2>\n<p>[\/et_pb_text][et_pb_text _builder_version=&#8221;4.21.0&#8243; _module_preset=&#8221;default&#8221; text_font=&#8221;Baloo 2||||||||&#8221; text_font_size=&#8221;1.2vw&#8221; text_line_height=&#8221;1.6em&#8221; custom_margin=&#8221;46px||||false|false&#8221; custom_margin_tablet=&#8221;46px||||false|false&#8221; custom_margin_phone=&#8221;22px||||false|false&#8221; custom_margin_last_edited=&#8221;on|phone&#8221; text_font_size_tablet=&#8221;1.2vw&#8221; text_font_size_phone=&#8221;16px&#8221; text_font_size_last_edited=&#8221;on|phone&#8221; global_colors_info=&#8221;{}&#8221;]Ba\u015fta Avrupa ve Amerika olmak \u00fczere d\u00fcnyan\u0131n her yerinden uluslararas\u0131 sa\u011fl\u0131k turizmi d\u00fczenleyen Tamaya Turizm, \u0130stanbul merkezli bir sa\u011fl\u0131k turizmi \u015firketi olup T\u00dcRSAB (T\u00fcrkiye Seyahat Acenteleri Birli\u011fi) \u00fcyesidir.<br \/>\nTamaya Turizm ayr\u0131ca Joint Commission International (JCI) ve Uluslararas\u0131 Standardizasyon \u00d6rg\u00fct\u00fc (ISO) gibi uluslararas\u0131 ge\u00e7erlili\u011fe sahip sertifikalar konusunda da hastanelerle kendi zevkleri do\u011frultusunda i\u015fbirli\u011fi yapmaktad\u0131r.[\/et_pb_text][\/et_pb_column][\/et_pb_row][\/et_pb_section][et_pb_section fb_built=&#8221;1&#8243; _builder_version=&#8221;4.17.6&#8243; _module_preset=&#8221;default&#8221; global_colors_info=&#8221;{}&#8221;][et_pb_row _builder_version=&#8221;4.17.6&#8243; _module_preset=&#8221;default&#8221; max_width=&#8221;80%&#8221; global_colors_info=&#8221;{}&#8221;][et_pb_column type=&#8221;4_4&#8243; _builder_version=&#8221;4.17.6&#8243; _module_preset=&#8221;default&#8221; global_colors_info=&#8221;{}&#8221;][\/et_pb_column][\/et_pb_row][\/et_pb_section]<\/p>\n","protected":false},"excerpt":{"rendered":"<p>Vitapera&#8217;ya ho\u015f geldiniz!Vitapera olarak sa\u011fl\u0131\u011f\u0131n, g\u00fczelli\u011fin ve yenilenen g\u00fcvenin g\u00fcc\u00fcne tutkuyla inan\u0131yoruz. Misyonumuz, refah\u0131n\u0131z\u0131n ve isteklerinizin \u00f6n planda oldu\u011fu, ya\u015fam\u0131 de\u011fi\u015ftirecek yolculuklar d\u00fczenlemektir. En son uzmanl\u0131\u011f\u0131 b\u00fcy\u00fcleyici destinasyonlar\u0131n cazibesiyle harmanlarken s\u0131ra d\u0131\u015f\u0131 olan\u0131 kucaklay\u0131n. Deneyimli t\u0131p uzmanlar\u0131ndan ve hasta koordinat\u00f6rlerinden olu\u015fan ekibimiz, deneyiminizin kusursuz, konforlu ve \u00f6d\u00fcllendirici olmas\u0131n\u0131 sa\u011flamak i\u00e7in yorulmadan \u00e7al\u0131\u015f\u0131r. \u0130ster Estetik \u0130yile\u015ftirmeler, [&hellip;]<\/p>\n","protected":false},"author":1,"featured_media":0,"parent":0,"menu_order":0,"comment_status":"closed","ping_status":"closed","template":"","meta":{"_et_pb_use_builder":"on","_et_pb_old_content":"","_et_gb_content_width":"","footnotes":""},"class_list":["post-60","page","type-page","status-publish","hentry"],"_links":{"self":[{"href":"https:\/\/vitapera.com\/tr\/wp-json\/wp\/v2\/pages\/60","targetHints":{"allow":["GET"]}}],"collection":[{"href":"https:\/\/vitapera.com\/tr\/wp-json\/wp\/v2\/pages"}],"about":[{"href":"https:\/\/vitapera.com\/tr\/wp-json\/wp\/v2\/types\/page"}],"author":[{"embeddable":true,"href":"https:\/\/vitapera.com\/tr\/wp-json\/wp\/v2\/users\/1"}],"replies":[{"embeddable":true,"href":"https:\/\/vitapera.com\/tr\/wp-json\/wp\/v2\/comments?post=60"}],"version-history":[{"count":6,"href":"https:\/\/vitapera.com\/tr\/wp-json\/wp\/v2\/pages\/60\/revisions"}],"predecessor-version":[{"id":117,"href":"https:\/\/vitapera.com\/tr\/wp-json\/wp\/v2\/pages\/60\/revisions\/117"}],"wp:attachment":[{"href":"https:\/\/vitapera.com\/tr\/wp-json\/wp\/v2\/media?parent=60"}],"curies":[{"name":"wp","href":"https:\/\/api.w.org\/{rel}","templated":true}]}}